{"id":1138,"date":"2024-08-02T08:15:08","date_gmt":"2024-08-02T12:15:08","guid":{"rendered":"https:\/\/ppm.sitewebwordpress.com\/services\/"},"modified":"2024-08-16T12:26:23","modified_gmt":"2024-08-16T16:26:23","slug":"services","status":"publish","type":"page","link":"https:\/\/ppmmetrologie.com\/en\/services\/","title":{"rendered":"Services"},"content":{"rendered":"\t\t<div data-elementor-type=\"wp-page\" data-elementor-id=\"1138\" class=\"elementor elementor-1138 elementor-551\" data-elementor-post-type=\"page\">\n\t\t\t\t\t\t<section class=\"elementor-section elementor-top-section elementor-element elementor-element-52075cff elementor-section-boxed elementor-section-height-default elementor-section-height-default\" data-id=\"52075cff\" data-element_type=\"section\" data-e-type=\"section\" data-settings=\"{&quot;background_background&quot;:&quot;classic&quot;}\">\n\t\t\t\t\t\t\t<div class=\"elementor-background-overlay\"><\/div>\n\t\t\t\t\t\t\t<div class=\"elementor-container elementor-column-gap-default\">\n\t\t\t\t\t<div class=\"elementor-column elementor-col-50 elementor-top-column elementor-element elementor-element-6e7c5774\" data-id=\"6e7c5774\" data-element_type=\"column\" data-e-type=\"column\">\n\t\t\t<div class=\"elementor-widget-wrap elementor-element-populated\">\n\t\t\t\t\t\t<div class=\"elementor-element elementor-element-6be37a8c elementor-widget elementor-widget-heading\" data-id=\"6be37a8c\" data-element_type=\"widget\" data-e-type=\"widget\" data-widget_type=\"heading.default\">\n\t\t\t\t<div class=\"elementor-widget-container\">\n\t\t\t\t\t<h1 class=\"elementor-heading-title elementor-size-default\">Our services<\/h1>\t\t\t\t<\/div>\n\t\t\t\t<\/div>\n\t\t\t\t\t<\/div>\n\t\t<\/div>\n\t\t\t\t<div class=\"elementor-column elementor-col-50 elementor-top-column elementor-element elementor-element-2793ab9c\" data-id=\"2793ab9c\" data-element_type=\"column\" data-e-type=\"column\">\n\t\t\t<div class=\"elementor-widget-wrap\">\n\t\t\t\t\t\t\t<\/div>\n\t\t<\/div>\n\t\t\t\t\t<\/div>\n\t\t<\/section>\n\t\t\t\t<section class=\"elementor-section elementor-top-section elementor-element elementor-element-6fc896c6 elementor-section-boxed elementor-section-height-default elementor-section-height-default\" data-id=\"6fc896c6\" data-element_type=\"section\" data-e-type=\"section\">\n\t\t\t\t\t\t<div class=\"elementor-container elementor-column-gap-default\">\n\t\t\t\t\t<div class=\"elementor-column elementor-col-50 elementor-top-column elementor-element elementor-element-20d74164\" data-id=\"20d74164\" data-element_type=\"column\" data-e-type=\"column\" data-settings=\"{&quot;background_background&quot;:&quot;classic&quot;}\">\n\t\t\t<div class=\"elementor-widget-wrap elementor-element-populated\">\n\t\t\t\t\t\t<div class=\"elementor-element elementor-element-0faf807 elementor-widget elementor-widget-image\" data-id=\"0faf807\" data-element_type=\"widget\" data-e-type=\"widget\" data-widget_type=\"image.default\">\n\t\t\t\t<div class=\"elementor-widget-container\">\n\t\t\t\t\t\t\t\t\t\t\t\t\t\t\t<img fetchpriority=\"high\" decoding=\"async\" width=\"630\" height=\"540\" src=\"https:\/\/ppmmetrologie.com\/wp-content\/uploads\/2024\/08\/e\u0089talonnage-1.jpg\" class=\"attachment-large size-large wp-image-505\" alt=\"e\u0089talonnage\" srcset=\"https:\/\/ppmmetrologie.com\/wp-content\/uploads\/2024\/08\/e\u0089talonnage-1.jpg 630w, https:\/\/ppmmetrologie.com\/wp-content\/uploads\/2024\/08\/e\u0089talonnage-1-300x257.jpg 300w\" sizes=\"(max-width: 630px) 100vw, 630px\" \/>\t\t\t\t\t\t\t\t\t\t\t\t\t\t\t<\/div>\n\t\t\t\t<\/div>\n\t\t\t\t\t<\/div>\n\t\t<\/div>\n\t\t\t\t<div class=\"elementor-column elementor-col-50 elementor-top-column elementor-element elementor-element-604ee7e6\" data-id=\"604ee7e6\" data-element_type=\"column\" data-e-type=\"column\">\n\t\t\t<div class=\"elementor-widget-wrap elementor-element-populated\">\n\t\t\t\t\t\t<div class=\"elementor-element elementor-element-62441c7 elementor-widget-divider--view-line_text elementor-widget-divider--element-align-right elementor-widget elementor-widget-divider\" data-id=\"62441c7\" data-element_type=\"widget\" data-e-type=\"widget\" data-widget_type=\"divider.default\">\n\t\t\t\t<div class=\"elementor-widget-container\">\n\t\t\t\t\t\t\t<div class=\"elementor-divider\">\n\t\t\t<span class=\"elementor-divider-separator\">\n\t\t\t\t\t\t\t<span class=\"elementor-divider__text elementor-divider__element\">\n\t\t\t\tCalibration\t\t\t\t<\/span>\n\t\t\t\t\t\t<\/span>\n\t\t<\/div>\n\t\t\t\t\t\t<\/div>\n\t\t\t\t<\/div>\n\t\t\t\t<section class=\"elementor-section elementor-inner-section elementor-element elementor-element-6b243ad9 elementor-section-boxed elementor-section-height-default elementor-section-height-default\" data-id=\"6b243ad9\" data-element_type=\"section\" data-e-type=\"section\">\n\t\t\t\t\t\t<div class=\"elementor-container elementor-column-gap-default\">\n\t\t\t\t\t<div class=\"elementor-column elementor-col-100 elementor-inner-column elementor-element elementor-element-14a040bb\" data-id=\"14a040bb\" data-element_type=\"column\" data-e-type=\"column\">\n\t\t\t<div class=\"elementor-widget-wrap elementor-element-populated\">\n\t\t\t\t\t\t<div class=\"elementor-element elementor-element-75b50c7f elementor-widget elementor-widget-text-editor\" data-id=\"75b50c7f\" data-element_type=\"widget\" data-e-type=\"widget\" data-widget_type=\"text-editor.default\">\n\t\t\t\t<div class=\"elementor-widget-container\">\n\t\t\t\t\t\t\t\t\t<p>Strict control of our operating costs and constant improvement of our administrative and technical operations enable PPM to offer highly competitive calibration services.<\/p>\n<p>Calibrations are carried out without compromise, following the instructions provided by manufacturers in their service manuals, or according to internationally recognized industry standards or practices.<\/p>\n<p>We calibrate a wide range of electrical, temperature, humidity and pressure measuring instruments, as well as certain dimensional measuring instruments. We also calibrate more specific equipment such as levels and concrete vibrators.<\/p>\n\t\t\t\t\t\t\t\t<\/div>\n\t\t\t\t<\/div>\n\t\t\t\t\t<\/div>\n\t\t<\/div>\n\t\t\t\t\t<\/div>\n\t\t<\/section>\n\t\t\t\t\t<\/div>\n\t\t<\/div>\n\t\t\t\t\t<\/div>\n\t\t<\/section>\n\t\t\t\t<section class=\"elementor-section elementor-top-section elementor-element elementor-element-cb0db3e elementor-section-boxed elementor-section-height-default elementor-section-height-default\" data-id=\"cb0db3e\" data-element_type=\"section\" data-e-type=\"section\" data-settings=\"{&quot;background_background&quot;:&quot;classic&quot;}\">\n\t\t\t\t\t\t<div class=\"elementor-container elementor-column-gap-default\">\n\t\t\t\t\t<div class=\"elementor-column elementor-col-50 elementor-top-column elementor-element elementor-element-de98190\" data-id=\"de98190\" data-element_type=\"column\" data-e-type=\"column\">\n\t\t\t<div class=\"elementor-widget-wrap elementor-element-populated\">\n\t\t\t\t\t\t<div class=\"elementor-element elementor-element-b3f1459 elementor-widget-divider--view-line_text elementor-widget-divider--element-align-right elementor-widget elementor-widget-divider\" data-id=\"b3f1459\" data-element_type=\"widget\" data-e-type=\"widget\" data-widget_type=\"divider.default\">\n\t\t\t\t<div class=\"elementor-widget-container\">\n\t\t\t\t\t\t\t<div class=\"elementor-divider\">\n\t\t\t<span class=\"elementor-divider-separator\">\n\t\t\t\t\t\t\t<span class=\"elementor-divider__text elementor-divider__element\">\n\t\t\t\tTraining\t\t\t\t<\/span>\n\t\t\t\t\t\t<\/span>\n\t\t<\/div>\n\t\t\t\t\t\t<\/div>\n\t\t\t\t<\/div>\n\t\t\t\t<section class=\"elementor-section elementor-inner-section elementor-element elementor-element-1edcd70 elementor-section-boxed elementor-section-height-default elementor-section-height-default\" data-id=\"1edcd70\" data-element_type=\"section\" data-e-type=\"section\">\n\t\t\t\t\t\t<div class=\"elementor-container elementor-column-gap-default\">\n\t\t\t\t\t<div class=\"elementor-column elementor-col-100 elementor-inner-column elementor-element elementor-element-c2a7617\" data-id=\"c2a7617\" data-element_type=\"column\" data-e-type=\"column\">\n\t\t\t<div class=\"elementor-widget-wrap elementor-element-populated\">\n\t\t\t\t\t\t<div class=\"elementor-element elementor-element-197f658 elementor-widget elementor-widget-text-editor\" data-id=\"197f658\" data-element_type=\"widget\" data-e-type=\"widget\" data-widget_type=\"text-editor.default\">\n\t\t\t\t<div class=\"elementor-widget-container\">\n\t\t\t\t\t\t\t\t\t<p>PPM offers a 3-day training course in industrial metrology in partnership with the \u00c9cole de Technologie Sup\u00e9rieure (\u00c9TS) of the Universit\u00e9 du Qu\u00e9bec \u00e0 Montr\u00e9al (UQAM). It covers the main administrative and technical operations of an ISO 17025:2017-compliant metrology laboratory (PER-554).<\/p>\n<p><a href=\"https:\/\/www.etsmtl.ca\" target=\"_blank\" rel=\"noopener\"><img decoding=\"async\" class=\"alignnone wp-image-555\" src=\"https:\/\/ppmmetrologie.com\/wp-content\/uploads\/2024\/08\/ets-formation_rgb-300x210.png\" alt=\"ets formation rgb\" width=\"77\" height=\"54\" srcset=\"https:\/\/ppmmetrologie.com\/wp-content\/uploads\/2024\/08\/ets-formation_rgb-300x210.png 300w, https:\/\/ppmmetrologie.com\/wp-content\/uploads\/2024\/08\/ets-formation_rgb-1024x715.png 1024w, https:\/\/ppmmetrologie.com\/wp-content\/uploads\/2024\/08\/ets-formation_rgb-768x536.png 768w, https:\/\/ppmmetrologie.com\/wp-content\/uploads\/2024\/08\/ets-formation_rgb.png 1134w\" sizes=\"(max-width: 77px) 100vw, 77px\" \/><\/a><\/p>\n<p>Additional training is available on request, as is support in setting up or upgrading metrology laboratories.<\/p>\n<p>These courses are also offered in English to various industries. Our accreditations and the military experience of our trainers enable us to intervene on site, in the most remote regions and under difficult conditions.<\/p>\n\t\t\t\t\t\t\t\t<\/div>\n\t\t\t\t<\/div>\n\t\t\t\t\t<\/div>\n\t\t<\/div>\n\t\t\t\t\t<\/div>\n\t\t<\/section>\n\t\t\t\t\t<\/div>\n\t\t<\/div>\n\t\t\t\t<div class=\"elementor-column elementor-col-50 elementor-top-column elementor-element elementor-element-df1037d\" data-id=\"df1037d\" data-element_type=\"column\" data-e-type=\"column\" data-settings=\"{&quot;background_background&quot;:&quot;classic&quot;}\">\n\t\t\t<div class=\"elementor-widget-wrap elementor-element-populated\">\n\t\t\t\t\t\t<div class=\"elementor-element elementor-element-9ecb587 elementor-widget elementor-widget-image\" data-id=\"9ecb587\" data-element_type=\"widget\" data-e-type=\"widget\" data-widget_type=\"image.default\">\n\t\t\t\t<div class=\"elementor-widget-container\">\n\t\t\t\t\t\t\t\t\t\t\t\t\t\t\t<img decoding=\"async\" width=\"800\" height=\"533\" src=\"https:\/\/ppmmetrologie.com\/wp-content\/uploads\/2024\/08\/formation.jpg\" class=\"attachment-large size-large wp-image-504\" alt=\"formation\" srcset=\"https:\/\/ppmmetrologie.com\/wp-content\/uploads\/2024\/08\/formation.jpg 800w, https:\/\/ppmmetrologie.com\/wp-content\/uploads\/2024\/08\/formation-300x200.jpg 300w, https:\/\/ppmmetrologie.com\/wp-content\/uploads\/2024\/08\/formation-768x512.jpg 768w\" sizes=\"(max-width: 800px) 100vw, 800px\" \/>\t\t\t\t\t\t\t\t\t\t\t\t\t\t\t<\/div>\n\t\t\t\t<\/div>\n\t\t\t\t\t<\/div>\n\t\t<\/div>\n\t\t\t\t\t<\/div>\n\t\t<\/section>\n\t\t\t\t<\/div>\n\t\t","protected":false},"excerpt":{"rendered":"<p>Our services Calibration Strict control of our operating costs and constant improvement of our administrative and technical operations enable PPM to offer highly competitive calibration services. Calibrations are carried out without compromise, following the instructions provided by manufacturers in their service manuals, or according to internationally recognized industry standards or practices. We calibrate a wide [&hellip;]<\/p>\n","protected":false},"author":8,"featured_media":0,"parent":0,"menu_order":0,"comment_status":"closed","ping_status":"closed","template":"elementor_header_footer","meta":{"_seopress_robots_primary_cat":"","_seopress_titles_title":"","_seopress_titles_desc":"","_seopress_robots_index":"","footnotes":""},"class_list":["post-1138","page","type-page","status-publish"],"_links":{"self":[{"href":"https:\/\/ppmmetrologie.com\/en\/wp-json\/wp\/v2\/pages\/1138","targetHints":{"allow":["GET"]}}],"collection":[{"href":"https:\/\/ppmmetrologie.com\/en\/wp-json\/wp\/v2\/pages"}],"about":[{"href":"https:\/\/ppmmetrologie.com\/en\/wp-json\/wp\/v2\/types\/page"}],"author":[{"embeddable":true,"href":"https:\/\/ppmmetrologie.com\/en\/wp-json\/wp\/v2\/users\/8"}],"replies":[{"embeddable":true,"href":"https:\/\/ppmmetrologie.com\/en\/wp-json\/wp\/v2\/comments?post=1138"}],"version-history":[{"count":5,"href":"https:\/\/ppmmetrologie.com\/en\/wp-json\/wp\/v2\/pages\/1138\/revisions"}],"predecessor-version":[{"id":1191,"href":"https:\/\/ppmmetrologie.com\/en\/wp-json\/wp\/v2\/pages\/1138\/revisions\/1191"}],"wp:attachment":[{"href":"https:\/\/ppmmetrologie.com\/en\/wp-json\/wp\/v2\/media?parent=1138"}],"curies":[{"name":"wp","href":"https:\/\/api.w.org\/{rel}","templated":true}]}}